{"id":15,"date":"2020-11-21T03:00:23","date_gmt":"2020-11-21T03:00:23","guid":{"rendered":"http:\/\/canoe.moxiworks.com\/poirierrealestate\/fr-ca\/buyers"},"modified":"2021-05-25T03:21:30","modified_gmt":"2021-05-25T07:21:30","slug":"buyers","status":"publish","type":"page","link":"https:\/\/poirierrealestate.c21.ca\/fr-ca\/buyers","title":{"rendered":"ACHETEURS"},"content":{"rendered":"\n<h1>\n\t\tATTENDEZ-VOUS \u00c0 PLUS\n\t<\/h1>\n\t<p>Laissez-vous guider par un professionnel.<\/p>\n<h1>\n\t\tATTENDEZ-VOUS \u00c0 PLUS\n\t<\/h1>\n\t<p>Laissez-vous guider par un professionnel.<\/p>\n<h2>\n\t\tFaites votre choix et trouver votre maison de r\u00eaves\n\t<\/h2>\n\t<h2>Il n&#8217;y a pas de meilleur endroit pour habiter que la r\u00e9gion de St. Paul et Bonnyville et notre \u00e9quipe d&#8217;expert en immobilier peut vous aider \u00e0 trouver votre maison id\u00e9ale.\u00a0<\/h2>\n<h2>Nous connaissons tr\u00e8s bien le march\u00e9 local et nous serions heureux de vous aidez durant toutes les \u00e9tapes du processus d&#8217;achat d&#8217;une propri\u00e9t\u00e9, de la s\u00e9curit\u00e9 financi\u00e8re \u00e0 la n\u00e9gociation, ainsi qu&#8217;\u00e0 l&#8217;achat jusqu&#8217;au d\u00e9m\u00e9nagement.\u00a0<\/h2>\n<h2>Trouvez votre maison de r\u00eave dans la r\u00e9gion de St. Paul ou de Bonnyville peut \u00e0 la fois \u00eatre un \u00e9v\u00e9nement excitant et \u00e9motionnel. C&#8217;est un tour de montagne russe!<\/h2>\n<h2>Nous sommes ici pour faciliter votre recherche d&#8217;espace pour que vous puissiez vivre la vie que vous avez toujours voulu que ce soit une propri\u00e9t\u00e9 tranquille pr\u00e8s du lac ou le confort d&#8217;une maison familiale au milieu du village. <\/h2>\n<h2>\n\t\tPropri\u00e9t\u00e9s en vedette\n\t<\/h2>\n\t\t\t<a href=\"\/fr-ca\/search\" target=\"_self\" role=\"button\" rel=\"noopener noreferrer\">\n\t\t\t\t\t\t\tVoir plus de propri\u00e9t\u00e9s\n\t\t\t\t\t<\/a>\n<h2>\n\t\tFAITES CONFIANCE \u00c0 UN COURTIER IMMOBILIER C21\n\t<\/h2>\n\t<p>Chez CENTURY 21 Poirier Real Estate, nous vous proposons l&#8217;information la plus \u00e0 jour pour vous aider \u00e0 prendre une d\u00e9cision \u00e9clair\u00e9e avant d&#8217;effectuer une transaction immobili\u00e8re.<\/p>\n\t\t\t<a href=\"\/fr-ca\/directory\" target=\"_self\" role=\"button\" rel=\"noopener noreferrer\">\n\t\t\t\t\t\t\tTrouver un courtier\n\t\t\t\t\t<\/a>\n<h2>\n\t\tRecherchez votre nouvelle maison maintenant\n\t<\/h2>\n\n","protected":false},"excerpt":{"rendered":"<p>ATTENDEZ-VOUS \u00c0 PLUS Laissez-vous guider par un professionnel. ATTENDEZ-VOUS \u00c0 PLUS Laissez-vous guider par un professionnel. Faites votre choix et trouver votre maison de r\u00eaves Il n&#8217;y a pas de meilleur endroit pour habiter que la r\u00e9gion de St. Paul et Bonnyville et notre \u00e9quipe d&#8217;expert en immobilier peut vous aider \u00e0 trouver votre maison [&hellip;]<\/p>\n","protected":false},"author":2,"featured_media":1792,"parent":0,"menu_order":0,"comment_status":"closed","ping_status":"closed","template":"","meta":{"footnotes":""},"class_list":["post-15","page","type-page","status-publish","has-post-thumbnail","hentry"],"_links":{"self":[{"href":"https:\/\/poirierrealestate.c21.ca\/fr-ca\/wp-json\/wp\/v2\/pages\/15","targetHints":{"allow":["GET"]}}],"collection":[{"href":"https:\/\/poirierrealestate.c21.ca\/fr-ca\/wp-json\/wp\/v2\/pages"}],"about":[{"href":"https:\/\/poirierrealestate.c21.ca\/fr-ca\/wp-json\/wp\/v2\/types\/page"}],"author":[{"embeddable":true,"href":"https:\/\/poirierrealestate.c21.ca\/fr-ca\/wp-json\/wp\/v2\/users\/2"}],"replies":[{"embeddable":true,"href":"https:\/\/poirierrealestate.c21.ca\/fr-ca\/wp-json\/wp\/v2\/comments?post=15"}],"version-history":[{"count":3,"href":"https:\/\/poirierrealestate.c21.ca\/fr-ca\/wp-json\/wp\/v2\/pages\/15\/revisions"}],"predecessor-version":[{"id":115,"href":"https:\/\/poirierrealestate.c21.ca\/fr-ca\/wp-json\/wp\/v2\/pages\/15\/revisions\/115"}],"wp:featuredmedia":[{"embeddable":true,"href":"https:\/\/poirierrealestate.c21.ca\/fr-ca\/wp-json\/"}],"wp:attachment":[{"href":"https:\/\/poirierrealestate.c21.ca\/fr-ca\/wp-json\/wp\/v2\/media?parent=15"}],"curies":[{"name":"wp","href":"https:\/\/api.w.org\/{rel}","templated":true}]}}