{"id":19,"date":"2020-11-21T03:12:08","date_gmt":"2020-11-21T03:12:08","guid":{"rendered":"http:\/\/canoe.moxiworks.com\/poirierrealestate\/fr-ca\/contact-us"},"modified":"2021-06-15T16:49:26","modified_gmt":"2021-06-15T20:49:26","slug":"contact-us","status":"publish","type":"page","link":"https:\/\/poirierrealestate.c21.ca\/fr-ca\/contact-us","title":{"rendered":"CONTACTEZ-NOUS"},"content":{"rendered":"\n<h1>\n\t\tContactez-nous\n\t<\/h1>\n<h1>\n\t\tContactez-nous\n\t<\/h1>\n<h2>\n\t\tLA DIFF\u00c9RENCE C21\n\t<\/h2>\n\t<p>Nous vous invitons \u00e0 nous contacter par t\u00e9l\u00e9phone ou en utilisant le formulaire ci-dessous. Notre \u00e9quipe d&#8217;expert se fera un plaisir de vous aidez \u00e0 combler vos besoins en immobilier.<\/p>\n<p>Chez CENTURY 21 Poirier Real Estate, nous travaillons selon votre horaire.<\/p>\n<h2>\n\t\tContactez-nous\n\t<\/h2>\n\n","protected":false},"excerpt":{"rendered":"<p>Contactez-nous Contactez-nous LA DIFF\u00c9RENCE C21 Nous vous invitons \u00e0 nous contacter par t\u00e9l\u00e9phone ou en utilisant le formulaire ci-dessous. Notre \u00e9quipe d&#8217;expert se fera un plaisir de vous aidez \u00e0 combler vos besoins en immobilier. Chez CENTURY 21 Poirier Real Estate, nous travaillons selon votre horaire. Contactez-nous<\/p>\n","protected":false},"author":2,"featured_media":1820,"parent":0,"menu_order":0,"comment_status":"closed","ping_status":"closed","template":"","meta":{"footnotes":""},"class_list":["post-19","page","type-page","status-publish","has-post-thumbnail","hentry"],"_links":{"self":[{"href":"https:\/\/poirierrealestate.c21.ca\/fr-ca\/wp-json\/wp\/v2\/pages\/19","targetHints":{"allow":["GET"]}}],"collection":[{"href":"https:\/\/poirierrealestate.c21.ca\/fr-ca\/wp-json\/wp\/v2\/pages"}],"about":[{"href":"https:\/\/poirierrealestate.c21.ca\/fr-ca\/wp-json\/wp\/v2\/types\/page"}],"author":[{"embeddable":true,"href":"https:\/\/poirierrealestate.c21.ca\/fr-ca\/wp-json\/wp\/v2\/users\/2"}],"replies":[{"embeddable":true,"href":"https:\/\/poirierrealestate.c21.ca\/fr-ca\/wp-json\/wp\/v2\/comments?post=19"}],"version-history":[{"count":3,"href":"https:\/\/poirierrealestate.c21.ca\/fr-ca\/wp-json\/wp\/v2\/pages\/19\/revisions"}],"predecessor-version":[{"id":126,"href":"https:\/\/poirierrealestate.c21.ca\/fr-ca\/wp-json\/wp\/v2\/pages\/19\/revisions\/126"}],"wp:featuredmedia":[{"embeddable":true,"href":"https:\/\/poirierrealestate.c21.ca\/fr-ca\/wp-json\/"}],"wp:attachment":[{"href":"https:\/\/poirierrealestate.c21.ca\/fr-ca\/wp-json\/wp\/v2\/media?parent=19"}],"curies":[{"name":"wp","href":"https:\/\/api.w.org\/{rel}","templated":true}]}}