{"id":35,"date":"2020-11-21T19:20:53","date_gmt":"2020-11-21T19:20:53","guid":{"rendered":"https:\/\/canoe.moxiworks.com\/poirierrealestate\/free-home-valuation"},"modified":"2021-05-26T17:17:58","modified_gmt":"2021-05-26T21:17:58","slug":"free-home-valuation","status":"publish","type":"page","link":"https:\/\/poirierrealestate.c21.ca\/fr-ca\/free-home-valuation","title":{"rendered":"\u00c9VALUATION GRATUITE"},"content":{"rendered":"\n<h1>\n\t\t\u00c9VALUATION GRATUITE\n\t<\/h1>\n<h2>\n\t\tD\u00c9COUVREZ LA VALEUR DE VOTRE PROPRI\u00c9T\u00c9.\n\t<\/h2>\n\t<p>Vendre une propri\u00e9t\u00e9 n&#8217;est pas aussi simple que de mettre une pancarte sur la pelouse. Vous devez conna\u00eetre la valeur de votre propri\u00e9t\u00e9 selon le march\u00e9 d&#8217;aujourd&#8217;hui.\u00a0<\/p>\n<p>Vendre votre maison se r\u00e9sume \u00e0 trois crit\u00e8res: le prix, l&#8217;apparence et la commercialisation. Nous avons plus de 50 ans d&#8217;exp\u00e9rience dans le domaine de l&#8217;immobilier. Placez votre maison sur le march\u00e9, nous vous servirons avec honn\u00eatet\u00e9, int\u00e9grit\u00e9 et d\u00e9vouement en vendant votre maison au prix qu&#8217;elle m\u00e9rite.<\/p>\n<p>Remplissez le questionnaire ci-dessous pour obtenir l&#8217;\u00e9valuation gratuite de\u00a0 votre maison bas\u00e9 sur la location et la grandeur de votre propri\u00e9t\u00e9.<\/p>\n\n","protected":false},"excerpt":{"rendered":"<p>\u00c9VALUATION GRATUITE D\u00c9COUVREZ LA VALEUR DE VOTRE PROPRI\u00c9T\u00c9. Vendre une propri\u00e9t\u00e9 n&#8217;est pas aussi simple que de mettre une pancarte sur la pelouse. Vous devez conna\u00eetre la valeur de votre propri\u00e9t\u00e9 selon le march\u00e9 d&#8217;aujourd&#8217;hui.\u00a0 Vendre votre maison se r\u00e9sume \u00e0 trois crit\u00e8res: le prix, l&#8217;apparence et la commercialisation. Nous avons plus de 50 ans [&hellip;]<\/p>\n","protected":false},"author":2,"featured_media":2146,"parent":0,"menu_order":0,"comment_status":"closed","ping_status":"closed","template":"","meta":{"footnotes":""},"class_list":["post-35","page","type-page","status-publish","has-post-thumbnail","hentry"],"_links":{"self":[{"href":"https:\/\/poirierrealestate.c21.ca\/fr-ca\/wp-json\/wp\/v2\/pages\/35","targetHints":{"allow":["GET"]}}],"collection":[{"href":"https:\/\/poirierrealestate.c21.ca\/fr-ca\/wp-json\/wp\/v2\/pages"}],"about":[{"href":"https:\/\/poirierrealestate.c21.ca\/fr-ca\/wp-json\/wp\/v2\/types\/page"}],"author":[{"embeddable":true,"href":"https:\/\/poirierrealestate.c21.ca\/fr-ca\/wp-json\/wp\/v2\/users\/2"}],"replies":[{"embeddable":true,"href":"https:\/\/poirierrealestate.c21.ca\/fr-ca\/wp-json\/wp\/v2\/comments?post=35"}],"version-history":[{"count":2,"href":"https:\/\/poirierrealestate.c21.ca\/fr-ca\/wp-json\/wp\/v2\/pages\/35\/revisions"}],"predecessor-version":[{"id":119,"href":"https:\/\/poirierrealestate.c21.ca\/fr-ca\/wp-json\/wp\/v2\/pages\/35\/revisions\/119"}],"wp:featuredmedia":[{"embeddable":true,"href":"https:\/\/poirierrealestate.c21.ca\/fr-ca\/wp-json\/"}],"wp:attachment":[{"href":"https:\/\/poirierrealestate.c21.ca\/fr-ca\/wp-json\/wp\/v2\/media?parent=35"}],"curies":[{"name":"wp","href":"https:\/\/api.w.org\/{rel}","templated":true}]}}