{"id":5,"date":"2020-12-22T03:44:34","date_gmt":"2020-12-22T03:44:34","guid":{"rendered":"http:\/\/canoe.moxiworks.com\/poirierrealestate\/fr-ca\/office-group-homepage"},"modified":"2021-06-15T16:48:20","modified_gmt":"2021-06-15T20:48:20","slug":"office-group-homepage","status":"publish","type":"page","link":"https:\/\/poirierrealestate.c21.ca\/fr-ca","title":{"rendered":"ACCUEIL"},"content":{"rendered":"\n\n\t<p>Notre mission:<\/p>\n<h2>\n\t\tviser l&#8217;or en offrant le meilleur service du secteur immobilier canadien\n\t<\/h2>\n<h2>\n\t\tPropri\u00e9t\u00e9s en vedette\n\t<\/h2>\n\t\t\t<a href=\"\/fr-ca\/search\" target=\"_self\" role=\"button\" rel=\"noopener noreferrer\">\n\t\t\t\t\t\t\tVoir plus de propri\u00e9t\u00e9s\n\t\t\t\t\t<\/a>\n\t<p>Notre mission:<\/p>\n<h2>\n\t\tviser l&#8217;or en offrant le meilleur service du secteur immobilier canadien\n\t<\/h2>\n\t<p>Notre site Web est un guichet unique pour vos recherches de propri\u00e9t\u00e9s en ligne. Notre but premier est d&#8217;assurer votre succ\u00e8s, que vous soyez client ou courtier immobilier.<\/p>\n<p>Proposant une port\u00e9e mondiale et une expertise locale, nous sommes d\u00e9termin\u00e9s \u00e0 offrir une exp\u00e9rience extraordinaire. Nous visons l&#8217;or en offrant le meilleur service du secteur immobilier canadien.<\/p>\n<h2>\n\t\tPropri\u00e9t\u00e9s en vedette\n\t<\/h2>\n\t\t\t<a href=\"\/fr-ca\/search\" target=\"_self\" role=\"button\" rel=\"noopener noreferrer\">\n\t\t\t\t\t\t\tVoir plus de propri\u00e9t\u00e9s\n\t\t\t\t\t<\/a>\n<h2>\n\t\tLa norme en or de l&#8217;immobilier depuis 1967 \u00e0 St. Paul\n\t<\/h2>\n\t<p>Depuis plus de 50 ans, nous desservons la r\u00e9gion de Lakeland en Alberta avec honn\u00eatet\u00e9, int\u00e9grit\u00e9 et d\u00e9vouement.\u00a0\u00a0\u00a0<\/p>\n<p>Lorsque vous d\u00e9cidez de travailler avec nous, non seulement vous aidez \u00e0 b\u00e2tir votre communaut\u00e9 mais vous vous associez \u00e0 l&#8217;une des plus grande agence immobili\u00e8re au pays &#8211; ce qui vient avec de nombreux avantages. Que vous soyez acheteur d&#8217;une premi\u00e8re maison ou investisseur immobilier, notre \u00e9quipe d\u00e9vou\u00e9e est l\u00e0 pour vous accompagnez durant toutes les \u00e9tapes du processus immobilier. <\/p>\n\t\t\t<a href=\"https:\/\/century21poirier.com\/about-community\/\" target=\"_self\" role=\"button\" rel=\"noopener noreferrer\">\n\t\t\t\t\t\t\tEN SAVOIR PLUS\n\t\t\t\t\t<\/a>\n<h2>\n\t\tT\u00c9MOIGNAGES\n\t<\/h2>\n\t\t\t<a href=\"fr-ca\/contact-us\" target=\"_self\" role=\"button\" rel=\"noopener noreferrer\">\n\t\t\t\t\t\t\tEN SAVOIR PLUS\n\t\t\t\t\t<\/a>\n<h2>\n\t\tD\u00e9couvrez la valeur de votre maison\n\t<\/h2>\n\t<p>Vous cherchez \u00e0 vendre votre maison \u00e0 St. Paul ou Bonnyville? Faites confiance \u00e0 nos experts de chez Century 21 Poirier Real Estate pour l&#8217;\u00e9valuation de votre maison. <\/p>\n\t\t\t<a href=\"\/fr-ca\/free-home-valuation\" target=\"_self\" role=\"button\" rel=\"noopener noreferrer\">\n\t\t\t\t\t\t\tFaites \u00e9valuer votre maison\n\t\t\t\t\t<\/a>\n\t\t\t\t<img decoding=\"async\" src=\"\/\/century21.agent.hub21.ca\/files\/2020\/11\/Branded-background.png\" alt=\"Branded Century 21 Couple embracing in home\" itemprop=\"image\" height=\"424\" width=\"432\" title=\"Branded Century 21 Couple embracing in home\" onerror=\"this.style.display='none'\"  \/>\n<h2>\n\t\tSERVICES POUR LES VENDEURS\n\t<\/h2>\n\t<p>Lorsque vous choisissez CENTURY 21 Poirier Real Estate, nous utiliserons tous les outils \u00e0 notre disposition pour vendre votre maison le plus rapidement possible \u00e0 sa juste valeur marchande. Tout ce que vous avez \u00e0 faire, c&#8217;est de vous asseoir, vous d\u00e9tendre et nous laisser nous occuper du processus. Nous savons que vendre votre maison peut-\u00eatre stressant avec toutes les visites, les n\u00e9gociations et tout ce qui vient avec la vente d&#8217;une maison. Soyez sans crainte, nous nous assurerons que le processus soit des plus simple pour vous: en fixant un prix attrayant tout en consid\u00e9rant le march\u00e9 local, en vous conseillant sur l&#8217;am\u00e9nagement de votre maison pour qu&#8217;elle soit \u00e0 son meilleure, et en affichant une fiche qui attirera les bons acheteurs. Nous sommes l\u00e0, pour d\u00e9fendre vos int\u00e9r\u00eats et nous assurer que vous obtenez ce que vous m\u00e9ritez pour votre maison.<\/p>\n\t\t\t<a href=\"\/fr-ca\/directory\" target=\"_self\" role=\"button\" rel=\"noopener noreferrer\">\n\t\t\t\t\t\t\tTrouver un courtier\n\t\t\t\t\t<\/a>\n<h2>\n\t\tSERVICES POUR LES ACHETEURS\n\t<\/h2>\n\t<p>Qu&#8217;il s&#8217;agit de votre premier achat ou votre dixi\u00e8me, acheter une maison peut-\u00eatre \u00e0 la fois un moment tr\u00e8s excitant et stressant. Chez CENTURY 21 Poirier Real Estate, nous connaissons le march\u00e9 local de Bonnyville et de St.Paul et nous somme pr\u00eat \u00e0 partager toutes nos connaissances avec vous afin de s&#8217;assurer que vous trouvez la maison parfaite pour combler tous vos besoins. Nous serons pr\u00e9sents pour vous soutenir \u00e0 chaque \u00e9tape du processus d&#8217;achat, de la n\u00e9gociation au financement, \u00e0 l&#8217;achat et m\u00eame jusqu&#8217;au d\u00e9m\u00e9nagement.<\/p>\n\t\t\t<a href=\"\/fr-ca\/search\" target=\"_self\" role=\"button\" rel=\"noopener noreferrer\">\n\t\t\t\t\t\t\tTrouvez une propri\u00e9t\u00e9\n\t\t\t\t\t<\/a>\n\t\t\t\t<img decoding=\"async\" src=\"\/\/templates.c21canada.moxiworks.net\/files\/2021\/02\/House_YardSign_FR-scaled.jpg\" alt=\"House_YardSign_FR\" itemprop=\"image\" height=\"1978\" width=\"2560\" title=\"House_YardSign_FR\" onerror=\"this.style.display='none'\"  \/>\n\n","protected":false},"excerpt":{"rendered":"<p>Notre mission: viser l&#8217;or en offrant le meilleur service du secteur immobilier canadien Propri\u00e9t\u00e9s en vedette Voir plus de propri\u00e9t\u00e9s Notre mission: viser l&#8217;or en offrant le meilleur service du secteur immobilier canadien Notre site Web est un guichet unique pour vos recherches de propri\u00e9t\u00e9s en ligne. Notre but premier est d&#8217;assurer votre succ\u00e8s, que [&hellip;]<\/p>\n","protected":false},"author":2,"featured_media":1766,"parent":0,"menu_order":0,"comment_status":"closed","ping_status":"closed","template":"","meta":{"footnotes":""},"class_list":["post-5","page","type-page","status-publish","has-post-thumbnail","hentry"],"_links":{"self":[{"href":"https:\/\/poirierrealestate.c21.ca\/fr-ca\/wp-json\/wp\/v2\/pages\/5","targetHints":{"allow":["GET"]}}],"collection":[{"href":"https:\/\/poirierrealestate.c21.ca\/fr-ca\/wp-json\/wp\/v2\/pages"}],"about":[{"href":"https:\/\/poirierrealestate.c21.ca\/fr-ca\/wp-json\/wp\/v2\/types\/page"}],"author":[{"embeddable":true,"href":"https:\/\/poirierrealestate.c21.ca\/fr-ca\/wp-json\/wp\/v2\/users\/2"}],"replies":[{"embeddable":true,"href":"https:\/\/poirierrealestate.c21.ca\/fr-ca\/wp-json\/wp\/v2\/comments?post=5"}],"version-history":[{"count":5,"href":"https:\/\/poirierrealestate.c21.ca\/fr-ca\/wp-json\/wp\/v2\/pages\/5\/revisions"}],"predecessor-version":[{"id":125,"href":"https:\/\/poirierrealestate.c21.ca\/fr-ca\/wp-json\/wp\/v2\/pages\/5\/revisions\/125"}],"wp:featuredmedia":[{"embeddable":true,"href":"https:\/\/poirierrealestate.c21.ca\/fr-ca\/wp-json\/"}],"wp:attachment":[{"href":"https:\/\/poirierrealestate.c21.ca\/fr-ca\/wp-json\/wp\/v2\/media?parent=5"}],"curies":[{"name":"wp","href":"https:\/\/api.w.org\/{rel}","templated":true}]}}